{"id":14,"date":"2022-01-04T13:02:50","date_gmt":"2022-01-04T12:02:50","guid":{"rendered":"https:\/\/psychoterapeutalubaczow.pl\/?page_id=14"},"modified":"2022-01-14T10:00:17","modified_gmt":"2022-01-14T09:00:17","slug":"dlaczego-elementy","status":"publish","type":"page","link":"https:\/\/psychoterapeutalubaczow.pl\/index.php\/dlaczego-elementy\/","title":{"rendered":"Dlaczego &#8220;ELEMENTY&#8221;?"},"content":{"rendered":"\n<div class=\"wp-block-image\"><figure class=\"alignleft size-large is-resized\"><img loading=\"lazy\" decoding=\"async\" src=\"https:\/\/psychoterapeutalubaczow.pl\/wp-content\/uploads\/2022\/01\/grafika_puzzle-767x1024.jpg\" alt=\"\" class=\"wp-image-59\" width=\"261\" height=\"348\" srcset=\"https:\/\/psychoterapeutalubaczow.pl\/wp-content\/uploads\/2022\/01\/grafika_puzzle-767x1024.jpg 767w, https:\/\/psychoterapeutalubaczow.pl\/wp-content\/uploads\/2022\/01\/grafika_puzzle-225x300.jpg 225w, https:\/\/psychoterapeutalubaczow.pl\/wp-content\/uploads\/2022\/01\/grafika_puzzle-768x1025.jpg 768w, https:\/\/psychoterapeutalubaczow.pl\/wp-content\/uploads\/2022\/01\/grafika_puzzle-1151x1536.jpg 1151w, https:\/\/psychoterapeutalubaczow.pl\/wp-content\/uploads\/2022\/01\/grafika_puzzle.jpg 1268w\" sizes=\"auto, (max-width: 261px) 100vw, 261px\" \/><\/figure><\/div>\n\n\n\n<p>Dlaczego <strong>ELEMENTY<\/strong>? Bo wn\u0119trze ka\u017cdej i ka\u017cdego z nas sk\u0142ada si\u0119 z element\u00f3w naszych historii, relacji z innymi, rys\u00f3w i specyficznych cech, negatywnych przekona\u0144 oraz sposob\u00f3w radzenia sobie z nimi, kt\u00f3re w przesz\u0142o\u015bci dzia\u0142a\u0142y, ale obecnie powoduj\u0105 trudno\u015bci w r\u00f3\u017cnych obszarach \u017cycia. Naszym wsp\u00f3lnym celem b\u0119dzie odnalezienie tych element\u00f3w, zmierzenie si\u0119 z nimi, \u015bci\u0105gniecie warstw, aby mo\u017cliwe by\u0142o ponowne ich u\u0142o\u017cenie, stworzenie uk\u0142adanki z pasuj\u0105cych do siebie cz\u0119\u015bci, co w spos\u00f3b zr\u00f3wnowa\u017cony b\u0119dzie wp\u0142ywa\u0142o na jako\u015b\u0107 \u017cycia.<\/p>\n\n\n\n<p>Staram si\u0119 rozwi\u0105zywa\u0107 trudno\u015bci, z jakimi mierz\u0105 si\u0119 moimi Pacjenci, maj\u0105c do dyspozycji narz\u0119dzia i warsztat <strong>terapii poznawczo-behawioralnej<\/strong>.<\/p>\n\n\n\n<p>Jest to forma pomocy oparta na badaniach naukowych, podobnie jak medycyna w przypadku chor\u00f3b somatycznych. Korzystam z tych nowatorskich metod w spos\u00f3b elastyczny, dostosowany do potrzeb ka\u017cdego Pacjenta. Jest mi bliski wachlarz narz\u0119dzi terapii ACT, terapii dialektyczno-behawioralnej oraz terapii schematu, kt\u00f3re s\u0105 g\u0142\u0119bszym procesem terapii poznawczo-behawioralnej. Gdy pierwszy raz zetkn\u0119\u0142am si\u0119 z ostatni\u0105 z nich ( Terapi\u0105 Schemat\u00f3w), spodoba\u0142o mi si\u0119, jak wiele z\u0142o\u017conych kwestii t\u0142umaczy w prosty i przyst\u0119pny spos\u00f3b. To, co kiedy\u015b stanowi\u0142o rozsypan\u0105 uk\u0142adank\u0119 element\u00f3w, by\u0142o zawi\u0142e i bez przyczyny, w prostu spos\u00f3b uda\u0142o si\u0119 u\u0142o\u017cy\u0107 na nowo w logiczn\u0105 ca\u0142o\u015b\u0107.<\/p>\n","protected":false},"excerpt":{"rendered":"<p>Dlaczego ELEMENTY? Bo wn\u0119trze ka\u017cdej i ka\u017cdego z nas sk\u0142ada si\u0119 z element\u00f3w naszych historii, relacji z innymi, rys\u00f3w i specyficznych cech, negatywnych przekona\u0144 oraz sposob\u00f3w radzenia sobie z nimi, kt\u00f3re w przesz\u0142o\u015bci dzia\u0142a\u0142y, ale obecnie powoduj\u0105 trudno\u015bci w r\u00f3\u017cnych obszarach \u017cycia. Naszym wsp\u00f3lnym celem b\u0119dzie odnalezienie tych element\u00f3w, zmierzenie si\u0119 z nimi, \u015bci\u0105gniecie warstw, [&hellip;]<\/p>\n","protected":false},"author":2,"featured_media":0,"parent":0,"menu_order":0,"comment_status":"closed","ping_status":"closed","template":"page-templates\/full-width.php","meta":{"_ti_tpc_template_sync":false,"_ti_tpc_template_id":"","footnotes":""},"class_list":["post-14","page","type-page","status-publish","hentry"],"_links":{"self":[{"href":"https:\/\/psychoterapeutalubaczow.pl\/index.php\/wp-json\/wp\/v2\/pages\/14","targetHints":{"allow":["GET"]}}],"collection":[{"href":"https:\/\/psychoterapeutalubaczow.pl\/index.php\/wp-json\/wp\/v2\/pages"}],"about":[{"href":"https:\/\/psychoterapeutalubaczow.pl\/index.php\/wp-json\/wp\/v2\/types\/page"}],"author":[{"embeddable":true,"href":"https:\/\/psychoterapeutalubaczow.pl\/index.php\/wp-json\/wp\/v2\/users\/2"}],"replies":[{"embeddable":true,"href":"https:\/\/psychoterapeutalubaczow.pl\/index.php\/wp-json\/wp\/v2\/comments?post=14"}],"version-history":[{"count":6,"href":"https:\/\/psychoterapeutalubaczow.pl\/index.php\/wp-json\/wp\/v2\/pages\/14\/revisions"}],"predecessor-version":[{"id":87,"href":"https:\/\/psychoterapeutalubaczow.pl\/index.php\/wp-json\/wp\/v2\/pages\/14\/revisions\/87"}],"wp:attachment":[{"href":"https:\/\/psychoterapeutalubaczow.pl\/index.php\/wp-json\/wp\/v2\/media?parent=14"}],"curies":[{"name":"wp","href":"https:\/\/api.w.org\/{rel}","templated":true}]}}